{"id":7,"date":"2024-11-24T13:46:15","date_gmt":"2024-11-24T12:46:15","guid":{"rendered":"http:\/\/mariestragier.com\/?page_id=7"},"modified":"2026-02-06T18:24:16","modified_gmt":"2026-02-06T17:24:16","slug":"homepage","status":"publish","type":"page","link":"https:\/\/mariestragier.com\/","title":{"rendered":""},"content":{"rendered":"\n<div id=\"news\" class=\"wp-block-group has-global-padding is-layout-constrained wp-block-group-is-layout-constrained\">\n<h2 class=\"wp-block-heading has-text-align-left\">Projets<\/h2>\n\n\n\n<div class=\"wp-block-query is-layout-flow wp-block-query-is-layout-flow\"><ul class=\"wp-block-post-template is-layout-flow wp-block-post-template-is-layout-flow\"><li class=\"wp-block-post post-53 post type-post status-publish format-standard has-post-thumbnail hentry category-projets-detudiante-en-architecture\">\n\n<div class=\"wp-block-columns are-vertically-aligned-center is-layout-flex wp-container-core-columns-is-layout-28f84493 wp-block-columns-is-layout-flex\">\n<div class=\"wp-block-column is-vertically-aligned-center is-layout-flow wp-block-column-is-layout-flow\" style=\"flex-basis:25%\"><figure class=\"wp-block-post-featured-image\"><a href=\"https:\/\/mariestragier.com\/index.php\/2024\/11\/24\/reunifier-deux-villes\/\" target=\"_self\"  ><img loading=\"lazy\" decoding=\"async\" width=\"2560\" height=\"1706\" src=\"https:\/\/mariestragier.com\/wp-content\/uploads\/2026\/02\/Stragier-Marie1107-copie-edited-scaled.png\" class=\"attachment-post-thumbnail size-post-thumbnail wp-post-image\" alt=\"R\u00e9unifier deux villes &#8211; Urbanisme\" style=\"object-fit:cover;\" srcset=\"https:\/\/mariestragier.com\/wp-content\/uploads\/2026\/02\/Stragier-Marie1107-copie-edited-scaled.png 2560w, https:\/\/mariestragier.com\/wp-content\/uploads\/2026\/02\/Stragier-Marie1107-copie-edited-300x200.png 300w, https:\/\/mariestragier.com\/wp-content\/uploads\/2026\/02\/Stragier-Marie1107-copie-edited-1024x683.png 1024w, https:\/\/mariestragier.com\/wp-content\/uploads\/2026\/02\/Stragier-Marie1107-copie-edited-768x512.png 768w, https:\/\/mariestragier.com\/wp-content\/uploads\/2026\/02\/Stragier-Marie1107-copie-edited-1536x1024.png 1536w, https:\/\/mariestragier.com\/wp-content\/uploads\/2026\/02\/Stragier-Marie1107-copie-edited-2048x1365.png 2048w\" sizes=\"auto, (max-width: 2560px) 100vw, 2560px\" \/><\/a><\/figure><\/div>\n\n\n\n<div class=\"wp-block-column is-vertically-aligned-center is-layout-flow wp-block-column-is-layout-flow\" style=\"flex-basis:75%\"><h2 class=\"wp-block-post-title\"><a href=\"https:\/\/mariestragier.com\/index.php\/2024\/11\/24\/reunifier-deux-villes\/\" target=\"_self\" >R\u00e9unifier deux villes &#8211; Urbanisme<\/a><\/h2><\/div>\n<\/div>\n\n<\/li><li class=\"wp-block-post post-49 post type-post status-publish format-standard has-post-thumbnail hentry category-projets-detudiante-en-architecture\">\n\n<div class=\"wp-block-columns are-vertically-aligned-center is-layout-flex wp-container-core-columns-is-layout-28f84493 wp-block-columns-is-layout-flex\">\n<div class=\"wp-block-column is-vertically-aligned-center is-layout-flow wp-block-column-is-layout-flow\" style=\"flex-basis:25%\"><figure class=\"wp-block-post-featured-image\"><a href=\"https:\/\/mariestragier.com\/index.php\/2024\/11\/24\/le-t4-ideal\/\" target=\"_self\"  ><img loading=\"lazy\" decoding=\"async\" width=\"2560\" height=\"1715\" src=\"https:\/\/mariestragier.com\/wp-content\/uploads\/2024\/11\/Capture-decran-2023-12-01-a-17.22.54-copie-2-1-scaled.png\" class=\"attachment-post-thumbnail size-post-thumbnail wp-post-image\" alt=\"Le T4 id\u00e9al &#8211; Logement\" style=\"object-fit:cover;\" srcset=\"https:\/\/mariestragier.com\/wp-content\/uploads\/2024\/11\/Capture-decran-2023-12-01-a-17.22.54-copie-2-1-scaled.png 2560w, https:\/\/mariestragier.com\/wp-content\/uploads\/2024\/11\/Capture-decran-2023-12-01-a-17.22.54-copie-2-1-300x201.png 300w, https:\/\/mariestragier.com\/wp-content\/uploads\/2024\/11\/Capture-decran-2023-12-01-a-17.22.54-copie-2-1-1024x686.png 1024w, https:\/\/mariestragier.com\/wp-content\/uploads\/2024\/11\/Capture-decran-2023-12-01-a-17.22.54-copie-2-1-768x514.png 768w, https:\/\/mariestragier.com\/wp-content\/uploads\/2024\/11\/Capture-decran-2023-12-01-a-17.22.54-copie-2-1-1536x1029.png 1536w, https:\/\/mariestragier.com\/wp-content\/uploads\/2024\/11\/Capture-decran-2023-12-01-a-17.22.54-copie-2-1-2048x1372.png 2048w\" sizes=\"auto, (max-width: 2560px) 100vw, 2560px\" \/><\/a><\/figure><\/div>\n\n\n\n<div class=\"wp-block-column is-vertically-aligned-center is-layout-flow wp-block-column-is-layout-flow\" style=\"flex-basis:75%\"><h2 class=\"wp-block-post-title\"><a href=\"https:\/\/mariestragier.com\/index.php\/2024\/11\/24\/le-t4-ideal\/\" target=\"_self\" >Le T4 id\u00e9al &#8211; Logement<\/a><\/h2><\/div>\n<\/div>\n\n<\/li><li class=\"wp-block-post post-209 post type-post status-publish format-standard hentry category-techniques-et-outils-darchitecture\">\n\n<div class=\"wp-block-columns are-vertically-aligned-center is-layout-flex wp-container-core-columns-is-layout-28f84493 wp-block-columns-is-layout-flex\">\n<div class=\"wp-block-column is-vertically-aligned-center is-layout-flow wp-block-column-is-layout-flow\" style=\"flex-basis:25%\"><\/div>\n\n\n\n<div class=\"wp-block-column is-vertically-aligned-center is-layout-flow wp-block-column-is-layout-flow\" style=\"flex-basis:75%\"><h2 class=\"wp-block-post-title\"><a href=\"https:\/\/mariestragier.com\/index.php\/2026\/02\/06\/pfe-en-cours\/\" target=\"_self\" >PFE en cours &#8211; Espace public<\/a><\/h2><\/div>\n<\/div>\n\n<\/li><li class=\"wp-block-post post-207 post type-post status-publish format-standard has-post-thumbnail hentry category-projets-detudiante-en-architecture\">\n\n<div class=\"wp-block-columns are-vertically-aligned-center is-layout-flex wp-container-core-columns-is-layout-28f84493 wp-block-columns-is-layout-flex\">\n<div class=\"wp-block-column is-vertically-aligned-center is-layout-flow wp-block-column-is-layout-flow\" style=\"flex-basis:25%\"><figure class=\"wp-block-post-featured-image\"><a href=\"https:\/\/mariestragier.com\/index.php\/2026\/02\/06\/memoire-detude\/\" target=\"_self\"  ><img loading=\"lazy\" decoding=\"async\" width=\"1558\" height=\"1192\" src=\"https:\/\/mariestragier.com\/wp-content\/uploads\/2026\/02\/Capture-decran-2026-02-07-a-12.11.49.png\" class=\"attachment-post-thumbnail size-post-thumbnail wp-post-image\" alt=\"M\u00e9moire d&rsquo;\u00e9tude &#8211; Th\u00e9orie &#8211; Alto\" style=\"object-fit:cover;\" srcset=\"https:\/\/mariestragier.com\/wp-content\/uploads\/2026\/02\/Capture-decran-2026-02-07-a-12.11.49.png 1558w, https:\/\/mariestragier.com\/wp-content\/uploads\/2026\/02\/Capture-decran-2026-02-07-a-12.11.49-300x230.png 300w, https:\/\/mariestragier.com\/wp-content\/uploads\/2026\/02\/Capture-decran-2026-02-07-a-12.11.49-1024x783.png 1024w, https:\/\/mariestragier.com\/wp-content\/uploads\/2026\/02\/Capture-decran-2026-02-07-a-12.11.49-768x588.png 768w\" sizes=\"auto, (max-width: 1558px) 100vw, 1558px\" \/><\/a><\/figure><\/div>\n\n\n\n<div class=\"wp-block-column is-vertically-aligned-center is-layout-flow wp-block-column-is-layout-flow\" style=\"flex-basis:75%\"><h2 class=\"wp-block-post-title\"><a href=\"https:\/\/mariestragier.com\/index.php\/2026\/02\/06\/memoire-detude\/\" target=\"_self\" >M\u00e9moire d&rsquo;\u00e9tude &#8211; Th\u00e9orie &#8211; Alto<\/a><\/h2><\/div>\n<\/div>\n\n<\/li><li class=\"wp-block-post post-205 post type-post status-publish format-standard hentry category-projets-detudiante-en-architecture\">\n\n<div class=\"wp-block-columns are-vertically-aligned-center is-layout-flex wp-container-core-columns-is-layout-28f84493 wp-block-columns-is-layout-flex\">\n<div class=\"wp-block-column is-vertically-aligned-center is-layout-flow wp-block-column-is-layout-flow\" style=\"flex-basis:25%\"><\/div>\n\n\n\n<div class=\"wp-block-column is-vertically-aligned-center is-layout-flow wp-block-column-is-layout-flow\" style=\"flex-basis:75%\"><h2 class=\"wp-block-post-title\"><a href=\"https:\/\/mariestragier.com\/index.php\/2026\/02\/06\/restauro-erasmus\/\" target=\"_self\" >Restauration &#8211; Erasmus<\/a><\/h2><\/div>\n<\/div>\n\n<\/li><\/ul><\/div>\n<\/div>\n\n\n\n<p><\/p>\n\n\n\n<p><\/p>\n","protected":false},"excerpt":{"rendered":"<p>Projets<\/p>\n","protected":false},"author":1,"featured_media":0,"parent":0,"menu_order":0,"comment_status":"closed","ping_status":"closed","template":"page-templates\/homepage-no-hero.php","meta":{"footnotes":""},"class_list":["post-7","page","type-page","status-publish","hentry"],"_links":{"self":[{"href":"https:\/\/mariestragier.com\/index.php\/wp-json\/wp\/v2\/pages\/7","targetHints":{"allow":["GET"]}}],"collection":[{"href":"https:\/\/mariestragier.com\/index.php\/wp-json\/wp\/v2\/pages"}],"about":[{"href":"https:\/\/mariestragier.com\/index.php\/wp-json\/wp\/v2\/types\/page"}],"author":[{"embeddable":true,"href":"https:\/\/mariestragier.com\/index.php\/wp-json\/wp\/v2\/users\/1"}],"replies":[{"embeddable":true,"href":"https:\/\/mariestragier.com\/index.php\/wp-json\/wp\/v2\/comments?post=7"}],"version-history":[{"count":22,"href":"https:\/\/mariestragier.com\/index.php\/wp-json\/wp\/v2\/pages\/7\/revisions"}],"predecessor-version":[{"id":244,"href":"https:\/\/mariestragier.com\/index.php\/wp-json\/wp\/v2\/pages\/7\/revisions\/244"}],"wp:attachment":[{"href":"https:\/\/mariestragier.com\/index.php\/wp-json\/wp\/v2\/media?parent=7"}],"curies":[{"name":"wp","href":"https:\/\/api.w.org\/{rel}","templated":true}]}}